{"id":343,"date":"2021-10-12T16:13:33","date_gmt":"2021-10-12T14:13:33","guid":{"rendered":"https:\/\/fanny-lenuzza.fr\/instic\/?page_id=343"},"modified":"2021-10-12T16:13:33","modified_gmt":"2021-10-12T14:13:33","slug":"technicien-superieur-en-conception-industrielle-de-systemes-mecaniques-titre-niveau-5","status":"publish","type":"page","link":"https:\/\/fanny-lenuzza.fr\/instic\/index.php\/technicien-superieur-en-conception-industrielle-de-systemes-mecaniques-titre-niveau-5\/","title":{"rendered":"Technicien sup\u00e9rieur en conception industrielle de syst\u00e8mes m\u00e9caniques (titre niveau 5)"},"content":{"rendered":"","protected":false},"excerpt":{"rendered":"","protected":false},"author":1,"featured_media":0,"parent":0,"menu_order":0,"comment_status":"closed","ping_status":"closed","template":"","meta":[],"_links":{"self":[{"href":"https:\/\/fanny-lenuzza.fr\/instic\/index.php\/wp-json\/wp\/v2\/pages\/343"}],"collection":[{"href":"https:\/\/fanny-lenuzza.fr\/instic\/index.php\/wp-json\/wp\/v2\/pages"}],"about":[{"href":"https:\/\/fanny-lenuzza.fr\/instic\/index.php\/wp-json\/wp\/v2\/types\/page"}],"author":[{"embeddable":true,"href":"https:\/\/fanny-lenuzza.fr\/instic\/index.php\/wp-json\/wp\/v2\/users\/1"}],"replies":[{"embeddable":true,"href":"https:\/\/fanny-lenuzza.fr\/instic\/index.php\/wp-json\/wp\/v2\/comments?post=343"}],"version-history":[{"count":1,"href":"https:\/\/fanny-lenuzza.fr\/instic\/index.php\/wp-json\/wp\/v2\/pages\/343\/revisions"}],"predecessor-version":[{"id":344,"href":"https:\/\/fanny-lenuzza.fr\/instic\/index.php\/wp-json\/wp\/v2\/pages\/343\/revisions\/344"}],"wp:attachment":[{"href":"https:\/\/fanny-lenuzza.fr\/instic\/index.php\/wp-json\/wp\/v2\/media?parent=343"}],"curies":[{"name":"wp","href":"https:\/\/api.w.org\/{rel}","templated":true}]}}